{"id":2078,"date":"2020-03-12T11:42:09","date_gmt":"2020-03-12T11:42:09","guid":{"rendered":"http:\/\/www.apartamentsportbell.com\/?page_id=2078"},"modified":"2020-05-20T17:29:03","modified_gmt":"2020-05-20T17:29:03","slug":"rental-apartments-i-houses-de-vacances-a-lescala-2","status":"publish","type":"page","link":"https:\/\/www.apartamentsportbell.com\/index.php\/es\/rental-apartments-i-houses-de-vacances-a-lescala-2\/","title":{"rendered":"Alquileres vacacionales"},"content":{"rendered":"<h2>APARTAMENTOS PORTBELL<\/h2>\n<p>CASAS Y APARTAMENTOS DE ALQUILER VACACIONAL EN EL CENTRO DE LA ESCALA<\/p>\n<p>Nuestros apartamentos y casas gozan de una situaci\u00f3n privilegiada en el centro de L&#8217;Escala. Est\u00e1n dise\u00f1ados para que usted pueda disfrutar al m\u00e1ximo de sus vacaciones. Todos est\u00e1n totalmente equipados y con las m\u00e1ximas comodidades.<\/p>\n<h2>Casa de Pescadors<\/h2>\n<p>\n\t<a href=\"http:\/\/www.apartamentsportbell.com\/index.php\/es\/accommodation\/house-3-rooms-view-al-mar\/\"><br \/>\n\t<img fetchpriority=\"high\" decoding=\"async\" width=\"748\" height=\"560\" src=\"http:\/\/www.apartamentsportbell.com\/wp-content\/uploads\/2020\/02\/IMG_6887-scaled.jpg\" alt=\"\" srcset=\"http:\/\/www.apartamentsportbell.com\/wp-content\/uploads\/2020\/02\/IMG_6887-scaled.jpg 2560w, http:\/\/www.apartamentsportbell.com\/wp-content\/uploads\/2020\/02\/IMG_6887-300x225.jpg 300w, http:\/\/www.apartamentsportbell.com\/wp-content\/uploads\/2020\/02\/IMG_6887-1024x768.jpg 1024w, http:\/\/www.apartamentsportbell.com\/wp-content\/uploads\/2020\/02\/IMG_6887-768x576.jpg 768w, http:\/\/www.apartamentsportbell.com\/wp-content\/uploads\/2020\/02\/IMG_6887-500x375.jpg 500w, http:\/\/www.apartamentsportbell.com\/wp-content\/uploads\/2020\/02\/IMG_6887-800x600.jpg 800w, http:\/\/www.apartamentsportbell.com\/wp-content\/uploads\/2020\/02\/IMG_6887-1280x960.jpg 1280w, http:\/\/www.apartamentsportbell.com\/wp-content\/uploads\/2020\/02\/IMG_6887-1920x1440.jpg 1920w, http:\/\/www.apartamentsportbell.com\/wp-content\/uploads\/2020\/02\/IMG_6887-1536x1152.jpg 1536w, http:\/\/www.apartamentsportbell.com\/wp-content\/uploads\/2020\/02\/IMG_6887-2048x1536.jpg 2048w\" sizes=\"(max-width: 748px) 100vw, 748px\" \/>\t<\/a>\n\t<\/p>\n<h3>Detalles<\/h3>\n<ul>\n<li>Adultos:<br \/>\n\t6\n\t<\/li>\n<li>Comodidades <a href=\"http:\/\/www.apartamentsportbell.com\/index.php\/es\/accommodation-facility\/bbq-en-es\/\">Barbacoa<\/a>, <a href=\"http:\/\/www.apartamentsportbell.com\/index.php\/es\/accommodation-facility\/cocina-totalmente-equipada\/cafetera-electrica-ca-es\/\">Cafetera el\u00e9ctrica<\/a>, <a href=\"http:\/\/www.apartamentsportbell.com\/index.php\/es\/accommodation-facility\/calefaccion\/\">Calefacci\u00f3n<\/a>, <a href=\"http:\/\/www.apartamentsportbell.com\/index.php\/es\/accommodation-facility\/cocina-totalmente-equipada\/\">Cocina totalmente equipada<\/a><\/li>\n<li>Vista:<br \/>\n\tVista al Mar\n\t<\/li>\n<li>Tipo de cama:<br \/>\n\t2 x cama doble, 2 x cama individual\n\t<\/li>\n<\/ul>\n<p>\n<a href=\"http:\/\/www.apartamentsportbell.com\/index.php\/es\/accommodation\/house-3-rooms-view-al-mar\/\" >Ver detalles<\/a>\n<\/p>\n<form method=\"GET\" action=\"http:\/\/www.apartamentsportbell.com\/index.php\/ca\/resultados-de-busqueda\/\">\n<p class = \"mphb-required-fields-tip\">\n\t<small><br \/>\n\t\tLos campos obligatorios son seguidos por\t\t<abbr title=\"required\">*<\/abbr><br \/>\n\t<\/small>\n<\/p>\n<p>\n\t\t<label for=\"mphb_check_in_date-mphb-search-form-5e6a229a50981\"><br \/>\n\t\t\tD\u00eda de llegada\t\t\t<abbr title=\"Formato dd\/mm\/yyyy\">*<\/abbr><br \/>\n\t\t<\/label><br \/>\n\t\t<br \/>\n\t\t<input\n\t\t\tid=\"mphb_check_in_date-mphb-search-form-5e6a229a50981\"\n\t\t\tdata-datepick-group=\"mphb-search-form-5e6a229a50981\"\n\t\t\tvalue=\"\"\n\t\t\tplaceholder=\"Fecha de llegada\"\n\t\t\trequired=\"required\"\n\t\t\ttype=\"text\"\n\t\t\tname=\"mphb_check_in_date\"\n\t\t\tclass=\"mphb-datepick\"\n\t\t\tautocomplete=\"off\"\n\t\t\t\/>\n\t<\/p>\n<p>\n\t\t<label for=\"mphb_check_out_date-mphb-search-form-5e6a229a50981\"><br \/>\n\t\t\tD\u00eda de salida\t\t\t<abbr title=\"Formato dd\/mm\/yyyy\">*<\/abbr><br \/>\n\t\t<\/label><br \/>\n\t\t<br \/>\n\t\t<input\n\t\t\tid=\"mphb_check_out_date-mphb-search-form-5e6a229a50981\"\n\t\t\tdata-datepick-group=\"mphb-search-form-5e6a229a50981\"\n\t\t\tvalue=\"\"\n\t\t\tplaceholder=\"Fecha de salida\"\n\t\t\trequired=\"required\"\n\t\t\ttype=\"text\"\n\t\t\tname=\"mphb_check_out_date\"\n\t\t\tclass=\"mphb-datepick\"\n\t\t\tautocomplete=\"off\"\n\t\t\t\/>\n\t<\/p>\n<p>\n\t\t\t<label for=\"mphb_adults-mphb-search-form-5e6a229a50981\"><br \/>\n\t\t\t\tAdultos\t\t\t<\/label><br \/>\n\t\t\t<br \/>\n\t\t\t<select id=\"mphb_adults-mphb-search-form-5e6a229a50981\" name=\"mphb_adults\" ><option value=\"1\"  selected='selected'>1<\/option><option value=\"2\" >2<\/option><option value=\"3\" >3<\/option><option value=\"4\" >4<\/option><option value=\"5\" >5<\/option><option value=\"6\" >6<\/option><option value=\"7\" >7<\/option><option value=\"8\" >8<\/option><\/select>\n\t\t<\/p>\n<p>\n\t\t\t<label for=\"mphb_children-mphb-search-form-5e6a229a50981\"><br \/>\n\t\t\t\tNi\u00f1os &lt; 16\t\t\t<\/label><br \/>\n\t\t\t<br \/>\n\t\t\t<select id=\"mphb_children-mphb-search-form-5e6a229a50981\" name=\"mphb_children\"><option value=\"0\"  selected='selected'>0<\/option><option value=\"1\" >1<\/option><option value=\"2\" >2<\/option><option value=\"3\" >3<\/option><option value=\"4\" >4<\/option><\/select>\n\t\t<\/p>\n<p>\t<input id=\"mphb_check_in_date-mphb-search-form-5e6a229a50981-hidden\" value=\"\" type=\"hidden\" name=\"mphb_check_in_date\" \/><input id=\"mphb_check_out_date-mphb-search-form-5e6a229a50981-hidden\" value=\"\" type=\"hidden\" name=\"mphb_check_out_date\" \/><\/p>\n<p>\n\t\t<input type=\"submit\" value=\"Buscar\"\/>\n\t<\/p>\n<\/form>\n<p>\t\t\t<iframe frameborder=\"0\" scrolling=\"no\" marginheight=\"0\" marginwidth=\"0\" src=\"https:\/\/maps.google.com\/maps?q=Passeig%20del%20Mar%2C%205%2017130%20L%27Escala%20%28girona%29&amp;t=m&amp;z=10&amp;output=embed&amp;iwloc=near\" aria-label=\"Passeig del Mar, 5 17130 L&#039;Escala (girona)\"><\/iframe>\t\t<\/p>\n<h2>Apartamentos Portbell<\/h2>\n<p>Apartamentos de 1 Habitaci\u00f3n, ideales para parejas o parejas con ni\u00f1os peque\u00f1os.<\/p>\n<p>\n\t<a href=\"http:\/\/www.apartamentsportbell.com\/index.php\/es\/accommodation\/apartament-portbell-far-3\/\"><br \/>\n\t<img decoding=\"async\" width=\"748\" height=\"499\" src=\"http:\/\/www.apartamentsportbell.com\/wp-content\/uploads\/2020\/02\/DSC00948-840x560.jpg\" alt=\"\" \/>\t<\/a>\n\t<\/p>\n<h3>Detalles<\/h3>\n<ul>\n<li>Adultos:<br \/>\n\t2\n\t<\/li>\n<li>Ni\u00f1os:<br \/>\n\t2\n\t<\/li>\n<li>Comodidades <a href=\"http:\/\/www.apartamentsportbell.com\/index.php\/es\/accommodation-facility\/parking-free-ca-es\/\">Aparcamiento gratuito<\/a>, <a href=\"http:\/\/www.apartamentsportbell.com\/index.php\/es\/accommodation-facility\/cocina-totalmente-equipada\/bateria-de-cocina\/\">bateria y utensilios de cocina<\/a>, <a href=\"http:\/\/www.apartamentsportbell.com\/index.php\/es\/accommodation-facility\/cocina-totalmente-equipada\/cafetera-electrica-ca-es\/\">Cafetera el\u00e9ctrica<\/a>, <a href=\"http:\/\/www.apartamentsportbell.com\/index.php\/es\/accommodation-facility\/calefaccion\/\">Calefacci\u00f3n<\/a>, <a href=\"http:\/\/www.apartamentsportbell.com\/index.php\/es\/accommodation-facility\/cocina-totalmente-equipada\/\">Cocina totalmente equipada<\/a>, <a href=\"http:\/\/www.apartamentsportbell.com\/index.php\/es\/accommodation-facility\/cocina-totalmente-equipada\/horno\/\">Horno<\/a>, <a href=\"http:\/\/www.apartamentsportbell.com\/index.php\/es\/accommodation-facility\/lavadora-en\/\">Lavadora<\/a>, <a href=\"http:\/\/www.apartamentsportbell.com\/index.php\/es\/accommodation-facility\/cocina-totalmente-equipada\/lavavajillas\/\">Lavavajillas<\/a>, <a href=\"http:\/\/www.apartamentsportbell.com\/index.php\/es\/accommodation-facility\/cocina-totalmente-equipada\/microondas-ac\/\">Microondas<\/a>, <a href=\"http:\/\/www.apartamentsportbell.com\/index.php\/es\/accommodation-facility\/ventilador-de-techo\/\">Ventilador de techo<\/a>, <a href=\"http:\/\/www.apartamentsportbell.com\/index.php\/es\/accommodation-facility\/wifi-free-ca-es\/\">WIFI GRATUITO<\/a><\/li>\n<li>Tipo de cama:<br \/>\n\t1 cama doble, 1 sof\u00e1 cama\n\t<\/li>\n<li>Categor\u00edas: <a href=\"http:\/\/www.apartamentsportbell.com\/index.php\/es\/accommodation-category\/apartments-en-es\/apartamento-de-1-habitacion-en\/\">Apartamento de un dormitorio<\/a>, <a href=\"http:\/\/www.apartamentsportbell.com\/index.php\/es\/accommodation-category\/apartments-en-es\/\">Apartamentos<\/a><\/li>\n<\/ul>\n<p>\n<a href=\"http:\/\/www.apartamentsportbell.com\/index.php\/es\/accommodation\/apartament-portbell-far-3\/\" >Ver detalles<\/a>\n<\/p>\n<nav role=\"navigation\">\n<h2>Paginaci\u00f3n de alojamiento<\/h2>\n<p>\t\t\t\t1<br \/>\n<a href=\"http:\/\/www.apartamentsportbell.com\/wp-admin\/admin-ajax.php?paged=2\">2<\/a><br \/>\n<a href=\"http:\/\/www.apartamentsportbell.com\/wp-admin\/admin-ajax.php?paged=2\">Siguiente &raquo;<\/a><br \/>\n\t\t\t<\/nav>\n<form method=\"GET\" action=\"http:\/\/www.apartamentsportbell.com\/index.php\/ca\/resultados-de-busqueda\/\">\n<p class = \"mphb-required-fields-tip\">\n\t<small><br \/>\n\t\tLos campos obligatorios son seguidos por\t\t<abbr title=\"required\">*<\/abbr><br \/>\n\t<\/small>\n<\/p>\n<p>\n\t\t<label for=\"mphb_check_in_date-mphb-search-form-5e6a229a534d7\"><br \/>\n\t\t\tD\u00eda de llegada\t\t\t<abbr title=\"Formato dd\/mm\/yyyy\">*<\/abbr><br \/>\n\t\t<\/label><br \/>\n\t\t<br \/>\n\t\t<input\n\t\t\tid=\"mphb_check_in_date-mphb-search-form-5e6a229a534d7\"\n\t\t\tdata-datepick-group=\"mphb-search-form-5e6a229a534d7\"\n\t\t\tvalue=\"\"\n\t\t\tplaceholder=\"Fecha de llegada\"\n\t\t\trequired=\"required\"\n\t\t\ttype=\"text\"\n\t\t\tname=\"mphb_check_in_date\"\n\t\t\tclass=\"mphb-datepick\"\n\t\t\tautocomplete=\"off\"\n\t\t\t\/>\n\t<\/p>\n<p>\n\t\t<label for=\"mphb_check_out_date-mphb-search-form-5e6a229a534d7\"><br \/>\n\t\t\tD\u00eda de salida\t\t\t<abbr title=\"Formato dd\/mm\/yyyy\">*<\/abbr><br \/>\n\t\t<\/label><br \/>\n\t\t<br \/>\n\t\t<input\n\t\t\tid=\"mphb_check_out_date-mphb-search-form-5e6a229a534d7\"\n\t\t\tdata-datepick-group=\"mphb-search-form-5e6a229a534d7\"\n\t\t\tvalue=\"\"\n\t\t\tplaceholder=\"Fecha de salida\"\n\t\t\trequired=\"required\"\n\t\t\ttype=\"text\"\n\t\t\tname=\"mphb_check_out_date\"\n\t\t\tclass=\"mphb-datepick\"\n\t\t\tautocomplete=\"off\"\n\t\t\t\/>\n\t<\/p>\n<p>\n\t\t\t<label for=\"mphb_adults-mphb-search-form-5e6a229a534d7\"><br \/>\n\t\t\t\tAdultos\t\t\t<\/label><br \/>\n\t\t\t<br \/>\n\t\t\t<select id=\"mphb_adults-mphb-search-form-5e6a229a534d7\" name=\"mphb_adults\" ><option value=\"1\"  selected='selected'>1<\/option><option value=\"2\" >2<\/option><option value=\"3\" >3<\/option><option value=\"4\" >4<\/option><option value=\"5\" >5<\/option><option value=\"6\" >6<\/option><option value=\"7\" >7<\/option><option value=\"8\" >8<\/option><\/select>\n\t\t<\/p>\n<p>\n\t\t\t<label for=\"mphb_children-mphb-search-form-5e6a229a534d7\"><br \/>\n\t\t\t\tNi\u00f1os &lt; 16\t\t\t<\/label><br \/>\n\t\t\t<br \/>\n\t\t\t<select id=\"mphb_children-mphb-search-form-5e6a229a534d7\" name=\"mphb_children\"><option value=\"0\"  selected='selected'>0<\/option><option value=\"1\" >1<\/option><option value=\"2\" >2<\/option><option value=\"3\" >3<\/option><option value=\"4\" >4<\/option><\/select>\n\t\t<\/p>\n<p>\t<input id=\"mphb_check_in_date-mphb-search-form-5e6a229a534d7-hidden\" value=\"\" type=\"hidden\" name=\"mphb_check_in_date\" \/><input id=\"mphb_check_out_date-mphb-search-form-5e6a229a534d7-hidden\" value=\"\" type=\"hidden\" name=\"mphb_check_out_date\" \/><\/p>\n<p>\n\t\t<input type=\"submit\" value=\"Buscar\"\/>\n\t<\/p>\n<\/form>\n<p>\t\t\t<iframe frameborder=\"0\" scrolling=\"no\" marginheight=\"0\" marginwidth=\"0\" src=\"https:\/\/maps.google.com\/maps?q=Carrer%20de%20la%20Torre%2C%2028%2017130%20L%27Escala&amp;t=m&amp;z=10&amp;output=embed&amp;iwloc=near\" aria-label=\"Carrer de la Torre, 28 17130 L&#039;Escala\"><\/iframe>\t\t<\/p>\n<p>Apartamentos de 3 habitaciones, ideales pera familias o grupos.<\/p>\n<p>\n\t<a href=\"http:\/\/www.apartamentsportbell.com\/index.php\/es\/accommodation\/apartamento-3-habitaciones\/\"><br \/>\n\t<img decoding=\"async\" width=\"748\" height=\"499\" src=\"http:\/\/www.apartamentsportbell.com\/wp-content\/uploads\/2020\/02\/IMG_8716-1-840x560.jpg\" alt=\"\" \/>\t<\/a>\n\t<\/p>\n<h3>Detalles<\/h3>\n<ul>\n<li>Adultos:<br \/>\n\t8\n\t<\/li>\n<li>Comodidades <a href=\"http:\/\/www.apartamentsportbell.com\/index.php\/es\/accommodation-facility\/parking-free-ca-es\/\">Aparcamiento gratuito<\/a>, <a href=\"http:\/\/www.apartamentsportbell.com\/index.php\/es\/accommodation-facility\/cocina-totalmente-equipada\/bateria-de-cocina\/\">bateria y utensilios de cocina<\/a>, <a href=\"http:\/\/www.apartamentsportbell.com\/index.php\/es\/accommodation-facility\/cocina-totalmente-equipada\/cafetera-electrica-ca-es\/\">Cafetera el\u00e9ctrica<\/a>, <a href=\"http:\/\/www.apartamentsportbell.com\/index.php\/es\/accommodation-facility\/calefaccion\/\">Calefacci\u00f3n<\/a>, <a href=\"http:\/\/www.apartamentsportbell.com\/index.php\/es\/accommodation-facility\/cocina-totalmente-equipada\/\">Cocina totalmente equipada<\/a>, <a href=\"http:\/\/www.apartamentsportbell.com\/index.php\/es\/accommodation-facility\/cocina-totalmente-equipada\/horno\/\">Horno<\/a>, <a href=\"http:\/\/www.apartamentsportbell.com\/index.php\/es\/accommodation-facility\/cocina-totalmente-equipada\/lavavajillas\/\">Lavavajillas<\/a>, <a href=\"http:\/\/www.apartamentsportbell.com\/index.php\/es\/accommodation-facility\/cocina-totalmente-equipada\/microondas-ac\/\">Microondas<\/a>, <a href=\"http:\/\/www.apartamentsportbell.com\/index.php\/es\/accommodation-facility\/ventilador-de-techo\/\">Ventilador de techo<\/a><\/li>\n<\/ul>\n<p>\n<a href=\"http:\/\/www.apartamentsportbell.com\/index.php\/es\/accommodation\/apartamento-3-habitaciones\/\" >Ver detalles<\/a>\n<\/p>\n<nav role=\"navigation\">\n<h2>Paginaci\u00f3n de alojamiento<\/h2>\n<p>\t\t\t\t1<br \/>\n<a href=\"http:\/\/www.apartamentsportbell.com\/wp-admin\/admin-ajax.php?paged=2\">2<\/a><br \/>\n<a href=\"http:\/\/www.apartamentsportbell.com\/wp-admin\/admin-ajax.php?paged=3\">3<\/a><br \/>\n<a href=\"http:\/\/www.apartamentsportbell.com\/wp-admin\/admin-ajax.php?paged=2\">Siguiente &raquo;<\/a><br \/>\n\t\t\t<\/nav>\n<form method=\"GET\" action=\"http:\/\/www.apartamentsportbell.com\/index.php\/ca\/resultados-de-busqueda\/\">\n<p class = \"mphb-required-fields-tip\">\n\t<small><br \/>\n\t\tLos campos obligatorios son seguidos por\t\t<abbr title=\"required\">*<\/abbr><br \/>\n\t<\/small>\n<\/p>\n<p>\n\t\t<label for=\"mphb_check_in_date-mphb-search-form-5e6a229a553aa\"><br \/>\n\t\t\tD\u00eda de llegada\t\t\t<abbr title=\"Formato dd\/mm\/yyyy\">*<\/abbr><br \/>\n\t\t<\/label><br \/>\n\t\t<br \/>\n\t\t<input\n\t\t\tid=\"mphb_check_in_date-mphb-search-form-5e6a229a553aa\"\n\t\t\tdata-datepick-group=\"mphb-search-form-5e6a229a553aa\"\n\t\t\tvalue=\"\"\n\t\t\tplaceholder=\"Fecha de llegada\"\n\t\t\trequired=\"required\"\n\t\t\ttype=\"text\"\n\t\t\tname=\"mphb_check_in_date\"\n\t\t\tclass=\"mphb-datepick\"\n\t\t\tautocomplete=\"off\"\n\t\t\t\/>\n\t<\/p>\n<p>\n\t\t<label for=\"mphb_check_out_date-mphb-search-form-5e6a229a553aa\"><br \/>\n\t\t\tD\u00eda de salida\t\t\t<abbr title=\"Formato dd\/mm\/yyyy\">*<\/abbr><br \/>\n\t\t<\/label><br \/>\n\t\t<br \/>\n\t\t<input\n\t\t\tid=\"mphb_check_out_date-mphb-search-form-5e6a229a553aa\"\n\t\t\tdata-datepick-group=\"mphb-search-form-5e6a229a553aa\"\n\t\t\tvalue=\"\"\n\t\t\tplaceholder=\"Fecha de salida\"\n\t\t\trequired=\"required\"\n\t\t\ttype=\"text\"\n\t\t\tname=\"mphb_check_out_date\"\n\t\t\tclass=\"mphb-datepick\"\n\t\t\tautocomplete=\"off\"\n\t\t\t\/>\n\t<\/p>\n<p>\n\t\t\t<label for=\"mphb_adults-mphb-search-form-5e6a229a553aa\"><br \/>\n\t\t\t\tAdultos\t\t\t<\/label><br \/>\n\t\t\t<br \/>\n\t\t\t<select id=\"mphb_adults-mphb-search-form-5e6a229a553aa\" name=\"mphb_adults\" ><option value=\"1\"  selected='selected'>1<\/option><option value=\"2\" >2<\/option><option value=\"3\" >3<\/option><option value=\"4\" >4<\/option><option value=\"5\" >5<\/option><option value=\"6\" >6<\/option><option value=\"7\" >7<\/option><option value=\"8\" >8<\/option><\/select>\n\t\t<\/p>\n<p>\n\t\t\t<label for=\"mphb_children-mphb-search-form-5e6a229a553aa\"><br \/>\n\t\t\t\tNi\u00f1os &lt; 16\t\t\t<\/label><br \/>\n\t\t\t<br \/>\n\t\t\t<select id=\"mphb_children-mphb-search-form-5e6a229a553aa\" name=\"mphb_children\"><option value=\"0\"  selected='selected'>0<\/option><option value=\"1\" >1<\/option><option value=\"2\" >2<\/option><option value=\"3\" >3<\/option><option value=\"4\" >4<\/option><\/select>\n\t\t<\/p>\n<p>\t<input id=\"mphb_check_in_date-mphb-search-form-5e6a229a553aa-hidden\" value=\"\" type=\"hidden\" name=\"mphb_check_in_date\" \/><input id=\"mphb_check_out_date-mphb-search-form-5e6a229a553aa-hidden\" value=\"\" type=\"hidden\" name=\"mphb_check_out_date\" \/><\/p>\n<p>\n\t\t<input type=\"submit\" value=\"Buscar\"\/>\n\t<\/p>\n<\/form>\n<p>\t\t\t<iframe frameborder=\"0\" scrolling=\"no\" marginheight=\"0\" marginwidth=\"0\" src=\"https:\/\/maps.google.com\/maps?q=Carrer%20de%20la%20Torre%2C%2028%2017130%20L%27Escala&amp;t=m&amp;z=10&amp;output=embed&amp;iwloc=near\" aria-label=\"Carrer de la Torre, 28 17130 L&#039;Escala\"><\/iframe><\/p>\n","protected":false},"excerpt":{"rendered":"<p>APARTAMENTOS PORTBELL CASAS Y APARTAMENTOS DE ALQUILER VACACIONAL EN EL CENTRO DE LA ESCALA Nuestros apartamentos y casas gozan de una situaci\u00f3n privilegiada en el centro de L&#8217;Escala. Est\u00e1n dise\u00f1ados para que usted pueda disfrutar al m\u00e1ximo de sus vacaciones. Todos est\u00e1n totalmente equipados y con las m\u00e1ximas comodidades. Casa de Pescadors Detalles Adultos: 6 &hellip; <a href=\"https:\/\/www.apartamentsportbell.com\/index.php\/es\/rental-apartments-i-houses-de-vacances-a-lescala-2\/\" class=\"more-link\">Continue reading<span class=\"screen-reader-text\"> &#8220;Alquileres vacacionales&#8221;<\/span><\/a><\/p>\n","protected":false},"author":1,"featured_media":0,"parent":0,"menu_order":0,"comment_status":"closed","ping_status":"closed","template":"","meta":{"footnotes":""},"class_list":["post-2078","page","type-page","status-publish","hentry"],"jetpack_sharing_enabled":true,"_links":{"self":[{"href":"https:\/\/www.apartamentsportbell.com\/index.php\/wp-json\/wp\/v2\/pages\/2078","targetHints":{"allow":["GET"]}}],"collection":[{"href":"https:\/\/www.apartamentsportbell.com\/index.php\/wp-json\/wp\/v2\/pages"}],"about":[{"href":"https:\/\/www.apartamentsportbell.com\/index.php\/wp-json\/wp\/v2\/types\/page"}],"author":[{"embeddable":true,"href":"https:\/\/www.apartamentsportbell.com\/index.php\/wp-json\/wp\/v2\/users\/1"}],"replies":[{"embeddable":true,"href":"https:\/\/www.apartamentsportbell.com\/index.php\/wp-json\/wp\/v2\/comments?post=2078"}],"version-history":[{"count":5,"href":"https:\/\/www.apartamentsportbell.com\/index.php\/wp-json\/wp\/v2\/pages\/2078\/revisions"}],"predecessor-version":[{"id":2392,"href":"https:\/\/www.apartamentsportbell.com\/index.php\/wp-json\/wp\/v2\/pages\/2078\/revisions\/2392"}],"wp:attachment":[{"href":"https:\/\/www.apartamentsportbell.com\/index.php\/wp-json\/wp\/v2\/media?parent=2078"}],"curies":[{"name":"wp","href":"https:\/\/api.w.org\/{rel}","templated":true}]}}