{"id":76,"date":"2020-02-15T08:47:19","date_gmt":"2020-02-15T08:47:19","guid":{"rendered":"http:\/\/www.apartamentsportbell.com\/index.php\/comodidades\/"},"modified":"2026-02-19T20:48:36","modified_gmt":"2026-02-19T20:48:36","slug":"lloguer-apartaments-i-cases-de-vacances-a-lescala","status":"publish","type":"page","link":"https:\/\/www.apartamentsportbell.com\/index.php\/ca\/lloguer-apartaments-i-cases-de-vacances-a-lescala\/","title":{"rendered":"Apartaments i Cases"},"content":{"rendered":"<h2>APARTAMENTS PORTBELL<\/h2>\n<p>CASES I APARTAMENTS DE LLOGUER VACACIONAL AL CENTRE DE L&#8217;ESCALA<\/p>\n<p>Els nostres apartaments i cases gaudeixen d&#8217;una situaci\u00f3 privilegiada al centre de L&#8217;Escala. Est\u00e1n dissenyats per a que vost\u00e8 pugui gaudir al m\u00e0xim de les seves vacances. Tots estan totalment equipats i amb les m\u00e0ximes comoditats.<\/p>\n<h2>Casa de Pescadors<\/h2>\n<p>\n\t<a href=\"https:\/\/www.apartamentsportbell.com\/index.php\/ca\/accommodation\/casa-3-habitacions-vista-al-mar\/\"><br \/>\n\t<img loading=\"lazy\" decoding=\"async\" width=\"748\" height=\"499\" src=\"https:\/\/www.apartamentsportbell.com\/wp-content\/uploads\/2020\/05\/casa-tieta-1-840x560.jpg\" alt=\"\" \/>\t<\/a>\n\t<\/p>\n<h3>Details<\/h3>\n<ul>\n<li>Adults:<br \/>\n\t6\n\t<\/li>\n<li>Amenities: <a href=\"https:\/\/www.apartamentsportbell.com\/index.php\/ca\/accommodation-facility\/bbq-en\/\">Barbacoa<\/a>, <a href=\"https:\/\/www.apartamentsportbell.com\/index.php\/ca\/accommodation-facility\/cuina-totalment-equipada-ca\/bateria-i-utensilis-de-cuina\/\">bateria i utensilis de cuina<\/a>, <a href=\"https:\/\/www.apartamentsportbell.com\/index.php\/ca\/accommodation-facility\/cuina-totalment-equipada-ca\/cafetera-electrica-ca\/\">cafetera el\u00e8ctrica<\/a>, <a href=\"https:\/\/www.apartamentsportbell.com\/index.php\/ca\/accommodation-facility\/calefaccio\/\">Calefacci\u00f3<\/a>, <a href=\"https:\/\/www.apartamentsportbell.com\/index.php\/ca\/accommodation-facility\/cuina-totalment-equipada-ca\/\">Cuina totalment equipada<\/a>, <a href=\"https:\/\/www.apartamentsportbell.com\/index.php\/ca\/accommodation-facility\/cuina-totalment-equipada-ca\/forn\/\">forn<\/a>, <a href=\"https:\/\/www.apartamentsportbell.com\/index.php\/ca\/accommodation-facility\/cuina-totalment-equipada-ca\/microones-ca\/\">microones<\/a>, <a href=\"https:\/\/www.apartamentsportbell.com\/index.php\/ca\/accommodation-facility\/parking-gratuit-ca\/\">Parking gratu\u00eft<\/a>, <a href=\"https:\/\/www.apartamentsportbell.com\/index.php\/ca\/accommodation-facility\/rentadora\/\">Rentadora<\/a>, <a href=\"https:\/\/www.apartamentsportbell.com\/index.php\/ca\/accommodation-facility\/cuina-totalment-equipada-ca\/rentaplats\/\">Rentaplats<\/a>, <a href=\"https:\/\/www.apartamentsportbell.com\/index.php\/ca\/accommodation-facility\/wifi-gratis-ca\/\">WIFI GRATIS<\/a><\/li>\n<li>View:<br \/>\n\tCasa de 3 Habitacions amb Vistes al Mar\n\t<\/li>\n<li>Bed Type:<br \/>\n\t2 x Llit de Matrimoni, 2 x llits individuals,\n\t<\/li>\n<li>Categories: <a href=\"https:\/\/www.apartamentsportbell.com\/index.php\/ca\/accommodation-category\/casa-ca\/\">Casa<\/a>, <a href=\"https:\/\/www.apartamentsportbell.com\/index.php\/ca\/accommodation-category\/casa-de-3-habitacions\/\">Casa de 3 habitacions<\/a><\/li>\n<\/ul>\n<p><strong>Prices start at:<\/strong><br \/>\n\t250&euro; for 2 nights\n\t<\/p>\n<p>\n<a href=\"https:\/\/www.apartamentsportbell.com\/index.php\/ca\/accommodation\/casa-3-habitacions-vista-al-mar\/\" >View Details<\/a>\n<\/p>\n<form method=\"GET\" action=\"https:\/\/www.apartamentsportbell.com\/index.php\/ca\/resultados-de-busqueda\/\">\n<p class = \"mphb-required-fields-tip\">\n\t<small><br \/>\n\t\tRequired fields are followed by\t\t<abbr title=\"required\">*<\/abbr><br \/>\n\t<\/small>\n<\/p>\n<p>\n\t\t<label for=\"mphb_check_in_date-mphb-search-form-5f205324a8a3e\"><br \/>\n\t\t\tCheck-in\t\t\t<abbr title=\"Formatted as dd\/mm\/yyyy\">*<\/abbr><br \/>\n\t\t<\/label><br \/>\n\t\t<br \/>\n\t\t<input\n\t\t\tid=\"mphb_check_in_date-mphb-search-form-5f205324a8a3e\"\n\t\t\tdata-datepick-group=\"mphb-search-form-5f205324a8a3e\"\n\t\t\tvalue=\"\"\n\t\t\tplaceholder=\"Check-in Date\"\n\t\t\trequired=\"required\"\n\t\t\ttype=\"text\"\n\t\t\tname=\"mphb_check_in_date\"\n\t\t\tclass=\"mphb-datepick\"\n\t\t\tautocomplete=\"off\"\n\t\t\t\/>\n\t<\/p>\n<p>\n\t\t<label for=\"mphb_check_out_date-mphb-search-form-5f205324a8a3e\"><br \/>\n\t\t\tCheck-out\t\t\t<abbr title=\"Formatted as dd\/mm\/yyyy\">*<\/abbr><br \/>\n\t\t<\/label><br \/>\n\t\t<br \/>\n\t\t<input\n\t\t\tid=\"mphb_check_out_date-mphb-search-form-5f205324a8a3e\"\n\t\t\tdata-datepick-group=\"mphb-search-form-5f205324a8a3e\"\n\t\t\tvalue=\"\"\n\t\t\tplaceholder=\"Check-out Date\"\n\t\t\trequired=\"required\"\n\t\t\ttype=\"text\"\n\t\t\tname=\"mphb_check_out_date\"\n\t\t\tclass=\"mphb-datepick\"\n\t\t\tautocomplete=\"off\"\n\t\t\t\/>\n\t<\/p>\n<p>\n\t\t\t<label for=\"mphb_adults-mphb-search-form-5f205324a8a3e\"><br \/>\n\t\t\t\tAdults\t\t\t<\/label><br \/>\n\t\t\t<br \/>\n\t\t\t<select id=\"mphb_adults-mphb-search-form-5f205324a8a3e\" name=\"mphb_adults\" ><option value=\"1\"  selected='selected'>1<\/option><option value=\"2\" >2<\/option><option value=\"3\" >3<\/option><option value=\"4\" >4<\/option><option value=\"5\" >5<\/option><option value=\"6\" >6<\/option><option value=\"7\" >7<\/option><option value=\"8\" >8<\/option><\/select>\n\t\t<\/p>\n<p>\n\t\t\t<label for=\"mphb_children-mphb-search-form-5f205324a8a3e\"><br \/>\n\t\t\t\tChildren &lt; 16\t\t\t<\/label><br \/>\n\t\t\t<br \/>\n\t\t\t<select id=\"mphb_children-mphb-search-form-5f205324a8a3e\" name=\"mphb_children\"><option value=\"0\"  selected='selected'>0<\/option><option value=\"1\" >1<\/option><option value=\"2\" >2<\/option><option value=\"3\" >3<\/option><option value=\"4\" >4<\/option><\/select>\n\t\t<\/p>\n<p>\t<input id=\"mphb_check_in_date-mphb-search-form-5f205324a8a3e-hidden\" value=\"\" type=\"hidden\" name=\"mphb_check_in_date\" \/><input id=\"mphb_check_out_date-mphb-search-form-5f205324a8a3e-hidden\" value=\"\" type=\"hidden\" name=\"mphb_check_out_date\" \/><\/p>\n<p>\n\t\t<input type=\"submit\" value=\"Search\"\/>\n\t<\/p>\n<\/form>\n<p>\t\t\t<iframe frameborder=\"0\" scrolling=\"no\" marginheight=\"0\" marginwidth=\"0\" src=\"https:\/\/maps.google.com\/maps?q=Passeig%20del%20Mar%2C%205%2017130%20L%27Escala%20%28girona%29&amp;t=m&amp;z=10&amp;output=embed&amp;iwloc=near\" aria-label=\"Passeig del Mar, 5 17130 L&#039;Escala (girona)\"><\/iframe>\t\t<\/p>\n<h2>Apartaments Portbell<\/h2>\n<p>Apartaments de 1 Habitaci\u00f3, ideals per a parelles o parelles amb nens petits<\/p>\n<p>\n\t<a href=\"https:\/\/www.apartamentsportbell.com\/index.php\/ca\/accommodation\/apartament-1-habitacio\/\"><br \/>\n\t<img loading=\"lazy\" decoding=\"async\" width=\"748\" height=\"499\" src=\"https:\/\/www.apartamentsportbell.com\/wp-content\/uploads\/2020\/02\/1A-IMG_8872-1-840x560.jpg\" alt=\"\" \/>\t<\/a>\n\t<\/p>\n<h3>Details<\/h3>\n<ul>\n<li>Adults:<br \/>\n\t2\n\t<\/li>\n<li>Children:<br \/>\n\t2\n\t<\/li>\n<li>Amenities: <a href=\"https:\/\/www.apartamentsportbell.com\/index.php\/ca\/accommodation-facility\/cuina-totalment-equipada-ca\/bateria-i-utensilis-de-cuina\/\">bateria i utensilis de cuina<\/a>, <a href=\"https:\/\/www.apartamentsportbell.com\/index.php\/ca\/accommodation-facility\/cuina-totalment-equipada-ca\/cafetera-electrica-ca\/\">cafetera el\u00e8ctrica<\/a>, <a href=\"https:\/\/www.apartamentsportbell.com\/index.php\/ca\/accommodation-facility\/calefaccio\/\">Calefacci\u00f3<\/a>, <a href=\"https:\/\/www.apartamentsportbell.com\/index.php\/ca\/accommodation-facility\/cuina-totalment-equipada-ca\/\">Cuina totalment equipada<\/a>, <a href=\"https:\/\/www.apartamentsportbell.com\/index.php\/ca\/accommodation-facility\/cuina-totalment-equipada-ca\/forn\/\">forn<\/a>, <a href=\"https:\/\/www.apartamentsportbell.com\/index.php\/ca\/accommodation-facility\/cuina-totalment-equipada-ca\/microones-ca\/\">microones<\/a>, <a href=\"https:\/\/www.apartamentsportbell.com\/index.php\/ca\/accommodation-facility\/parking-gratuit\/\">Parking gratuit<\/a>, <a href=\"https:\/\/www.apartamentsportbell.com\/index.php\/ca\/accommodation-facility\/rentadora\/\">Rentadora<\/a>, <a href=\"https:\/\/www.apartamentsportbell.com\/index.php\/ca\/accommodation-facility\/cuina-totalment-equipada-ca\/rentaplats\/\">Rentaplats<\/a>, <a href=\"https:\/\/www.apartamentsportbell.com\/index.php\/ca\/accommodation-facility\/ventilador-de-sostre\/\">Ventilador de sostre<\/a>, <a href=\"https:\/\/www.apartamentsportbell.com\/index.php\/ca\/accommodation-facility\/wifi-gratis\/\">WIFI gratis<\/a><\/li>\n<li>View:<br \/>\n\tcasc antic, centre\n\t<\/li>\n<li>Bed Type:<br \/>\n\t1 llit de matrimoni, 1 sof\u00e0 llit\n\t<\/li>\n<li>Categories: <a href=\"https:\/\/www.apartamentsportbell.com\/index.php\/ca\/accommodation-category\/apartaments-ca\/apartament-de-1-habitacio-ca\/\">Apartament de 1 Habitaci\u00f3<\/a>, <a href=\"https:\/\/www.apartamentsportbell.com\/index.php\/ca\/accommodation-category\/apartaments-ca\/\">Apartaments<\/a><\/li>\n<\/ul>\n<p><strong>Prices start at:<\/strong><br \/>\n\t190&euro; for 2 nights\n\t<\/p>\n<p>\n<a href=\"https:\/\/www.apartamentsportbell.com\/index.php\/ca\/accommodation\/apartament-1-habitacio\/\" >View Details<\/a>\n<\/p>\n<nav role=\"navigation\">\n<h2>Accommodation pagination<\/h2>\n<p>\t\t\t\t1<br \/>\n<a href=\"https:\/\/www.apartamentsportbell.com\/wp-admin\/admin-ajax.php?paged=2\">2<\/a><br \/>\n<a href=\"https:\/\/www.apartamentsportbell.com\/wp-admin\/admin-ajax.php?paged=2\">Entrades seg\u00fcents &raquo;<\/a><br \/>\n\t\t\t<\/nav>\n<form method=\"GET\" action=\"https:\/\/www.apartamentsportbell.com\/index.php\/ca\/resultados-de-busqueda\/\">\n<p class = \"mphb-required-fields-tip\">\n\t<small><br \/>\n\t\tRequired fields are followed by\t\t<abbr title=\"required\">*<\/abbr><br \/>\n\t<\/small>\n<\/p>\n<p>\n\t\t<label for=\"mphb_check_in_date-mphb-search-form-5f205324aaa57\"><br \/>\n\t\t\tCheck-in\t\t\t<abbr title=\"Formatted as dd\/mm\/yyyy\">*<\/abbr><br \/>\n\t\t<\/label><br \/>\n\t\t<br \/>\n\t\t<input\n\t\t\tid=\"mphb_check_in_date-mphb-search-form-5f205324aaa57\"\n\t\t\tdata-datepick-group=\"mphb-search-form-5f205324aaa57\"\n\t\t\tvalue=\"\"\n\t\t\tplaceholder=\"Check-in Date\"\n\t\t\trequired=\"required\"\n\t\t\ttype=\"text\"\n\t\t\tname=\"mphb_check_in_date\"\n\t\t\tclass=\"mphb-datepick\"\n\t\t\tautocomplete=\"off\"\n\t\t\t\/>\n\t<\/p>\n<p>\n\t\t<label for=\"mphb_check_out_date-mphb-search-form-5f205324aaa57\"><br \/>\n\t\t\tCheck-out\t\t\t<abbr title=\"Formatted as dd\/mm\/yyyy\">*<\/abbr><br \/>\n\t\t<\/label><br \/>\n\t\t<br \/>\n\t\t<input\n\t\t\tid=\"mphb_check_out_date-mphb-search-form-5f205324aaa57\"\n\t\t\tdata-datepick-group=\"mphb-search-form-5f205324aaa57\"\n\t\t\tvalue=\"\"\n\t\t\tplaceholder=\"Check-out Date\"\n\t\t\trequired=\"required\"\n\t\t\ttype=\"text\"\n\t\t\tname=\"mphb_check_out_date\"\n\t\t\tclass=\"mphb-datepick\"\n\t\t\tautocomplete=\"off\"\n\t\t\t\/>\n\t<\/p>\n<p>\n\t\t\t<label for=\"mphb_adults-mphb-search-form-5f205324aaa57\"><br \/>\n\t\t\t\tAdults\t\t\t<\/label><br \/>\n\t\t\t<br \/>\n\t\t\t<select id=\"mphb_adults-mphb-search-form-5f205324aaa57\" name=\"mphb_adults\" ><option value=\"1\"  selected='selected'>1<\/option><option value=\"2\" >2<\/option><option value=\"3\" >3<\/option><option value=\"4\" >4<\/option><option value=\"5\" >5<\/option><option value=\"6\" >6<\/option><option value=\"7\" >7<\/option><option value=\"8\" >8<\/option><\/select>\n\t\t<\/p>\n<p>\n\t\t\t<label for=\"mphb_children-mphb-search-form-5f205324aaa57\"><br \/>\n\t\t\t\tChildren &lt; 16\t\t\t<\/label><br \/>\n\t\t\t<br \/>\n\t\t\t<select id=\"mphb_children-mphb-search-form-5f205324aaa57\" name=\"mphb_children\"><option value=\"0\"  selected='selected'>0<\/option><option value=\"1\" >1<\/option><option value=\"2\" >2<\/option><option value=\"3\" >3<\/option><option value=\"4\" >4<\/option><\/select>\n\t\t<\/p>\n<p>\t<input id=\"mphb_check_in_date-mphb-search-form-5f205324aaa57-hidden\" value=\"\" type=\"hidden\" name=\"mphb_check_in_date\" \/><input id=\"mphb_check_out_date-mphb-search-form-5f205324aaa57-hidden\" value=\"\" type=\"hidden\" name=\"mphb_check_out_date\" \/><\/p>\n<p>\n\t\t<input type=\"submit\" value=\"Search\"\/>\n\t<\/p>\n<\/form>\n<p>\t\t\t<iframe frameborder=\"0\" scrolling=\"no\" marginheight=\"0\" marginwidth=\"0\" src=\"https:\/\/maps.google.com\/maps?q=Carrer%20de%20la%20Torre%2C%2028%2017130%20L%27Escala&amp;t=m&amp;z=10&amp;output=embed&amp;iwloc=near\" aria-label=\"Carrer de la Torre, 28 17130 L&#039;Escala\"><\/iframe>\t\t<\/p>\n<p>Apartaments de 3 habitacions, ideals per a fam\u00edlies o grups.<\/p>\n<p>\n\t<a href=\"https:\/\/www.apartamentsportbell.com\/index.php\/ca\/accommodation\/apartament-portbell-ancora\/\"><br \/>\n\t<img loading=\"lazy\" decoding=\"async\" width=\"748\" height=\"499\" src=\"https:\/\/www.apartamentsportbell.com\/wp-content\/uploads\/2020\/07\/1C-menjador-840x560.jpg\" alt=\"\" \/>\t<\/a>\n\t<\/p>\n<h3>Details<\/h3>\n<ul>\n<li>Adults:<br \/>\n\t6\n\t<\/li>\n<li>Amenities: <a href=\"https:\/\/www.apartamentsportbell.com\/index.php\/ca\/accommodation-facility\/cuina-totalment-equipada-ca\/bateria-i-utensilis-de-cuina\/\">bateria i utensilis de cuina<\/a>, <a href=\"https:\/\/www.apartamentsportbell.com\/index.php\/ca\/accommodation-facility\/cuina-totalment-equipada-ca\/cafetera-electrica-ca\/\">cafetera el\u00e8ctrica<\/a>, <a href=\"https:\/\/www.apartamentsportbell.com\/index.php\/ca\/accommodation-facility\/cuina-totalment-equipada-ca\/\">Cuina totalment equipada<\/a>, <a href=\"https:\/\/www.apartamentsportbell.com\/index.php\/ca\/accommodation-facility\/cuina-totalment-equipada-ca\/forn\/\">forn<\/a>, <a href=\"https:\/\/www.apartamentsportbell.com\/index.php\/ca\/accommodation-facility\/cuina-totalment-equipada-ca\/microones-ca\/\">microones<\/a>, <a href=\"https:\/\/www.apartamentsportbell.com\/index.php\/ca\/accommodation-facility\/parking-gratuit\/\">Parking gratuit<\/a>, <a href=\"https:\/\/www.apartamentsportbell.com\/index.php\/ca\/accommodation-facility\/rentadora\/\">Rentadora<\/a>, <a href=\"https:\/\/www.apartamentsportbell.com\/index.php\/ca\/accommodation-facility\/cuina-totalment-equipada-ca\/rentaplats\/\">Rentaplats<\/a>, <a href=\"https:\/\/www.apartamentsportbell.com\/index.php\/ca\/accommodation-facility\/ventilador-de-sostre\/\">Ventilador de sostre<\/a>, <a href=\"https:\/\/www.apartamentsportbell.com\/index.php\/ca\/accommodation-facility\/wifi-gratis-ca\/\">WIFI GRATIS<\/a><\/li>\n<li>View:<br \/>\n\tVista al mar, casc antic, molt c\u00e8ntric\n\t<\/li>\n<li>Bed Type:<br \/>\n\t2 llit de Matrimoni, 2 llits individuals\n\t<\/li>\n<li>Categories: <a href=\"https:\/\/www.apartamentsportbell.com\/index.php\/ca\/accommodation-category\/apartaments-ca\/apartament-de-3-habitacions-ca\/\">Apartament de 3 Habitacions<\/a>, <a href=\"https:\/\/www.apartamentsportbell.com\/index.php\/ca\/accommodation-category\/apartaments-ca\/\">Apartaments<\/a><\/li>\n<\/ul>\n<p><strong>Prices start at:<\/strong><br \/>\n\t270&euro; for 2 nights\n\t<\/p>\n<p>\n<a href=\"https:\/\/www.apartamentsportbell.com\/index.php\/ca\/accommodation\/apartament-portbell-ancora\/\" >View Details<\/a>\n<\/p>\n<nav role=\"navigation\">\n<h2>Accommodation pagination<\/h2>\n<p>\t\t\t\t1<br \/>\n<a href=\"https:\/\/www.apartamentsportbell.com\/wp-admin\/admin-ajax.php?paged=2\">2<\/a><br \/>\n<a href=\"https:\/\/www.apartamentsportbell.com\/wp-admin\/admin-ajax.php?paged=3\">3<\/a><br \/>\n<a href=\"https:\/\/www.apartamentsportbell.com\/wp-admin\/admin-ajax.php?paged=4\">4<\/a><br \/>\n<a href=\"https:\/\/www.apartamentsportbell.com\/wp-admin\/admin-ajax.php?paged=2\">Entrades seg\u00fcents &raquo;<\/a><br \/>\n\t\t\t<\/nav>\n<form method=\"GET\" action=\"https:\/\/www.apartamentsportbell.com\/index.php\/ca\/resultados-de-busqueda\/\">\n<p class = \"mphb-required-fields-tip\">\n\t<small><br \/>\n\t\tRequired fields are followed by\t\t<abbr title=\"required\">*<\/abbr><br \/>\n\t<\/small>\n<\/p>\n<p>\n\t\t<label for=\"mphb_check_in_date-mphb-search-form-5f205324ac883\"><br \/>\n\t\t\tCheck-in\t\t\t<abbr title=\"Formatted as dd\/mm\/yyyy\">*<\/abbr><br \/>\n\t\t<\/label><br \/>\n\t\t<br \/>\n\t\t<input\n\t\t\tid=\"mphb_check_in_date-mphb-search-form-5f205324ac883\"\n\t\t\tdata-datepick-group=\"mphb-search-form-5f205324ac883\"\n\t\t\tvalue=\"\"\n\t\t\tplaceholder=\"Check-in Date\"\n\t\t\trequired=\"required\"\n\t\t\ttype=\"text\"\n\t\t\tname=\"mphb_check_in_date\"\n\t\t\tclass=\"mphb-datepick\"\n\t\t\tautocomplete=\"off\"\n\t\t\t\/>\n\t<\/p>\n<p>\n\t\t<label for=\"mphb_check_out_date-mphb-search-form-5f205324ac883\"><br \/>\n\t\t\tCheck-out\t\t\t<abbr title=\"Formatted as dd\/mm\/yyyy\">*<\/abbr><br \/>\n\t\t<\/label><br \/>\n\t\t<br \/>\n\t\t<input\n\t\t\tid=\"mphb_check_out_date-mphb-search-form-5f205324ac883\"\n\t\t\tdata-datepick-group=\"mphb-search-form-5f205324ac883\"\n\t\t\tvalue=\"\"\n\t\t\tplaceholder=\"Check-out Date\"\n\t\t\trequired=\"required\"\n\t\t\ttype=\"text\"\n\t\t\tname=\"mphb_check_out_date\"\n\t\t\tclass=\"mphb-datepick\"\n\t\t\tautocomplete=\"off\"\n\t\t\t\/>\n\t<\/p>\n<p>\n\t\t\t<label for=\"mphb_adults-mphb-search-form-5f205324ac883\"><br \/>\n\t\t\t\tAdults\t\t\t<\/label><br \/>\n\t\t\t<br \/>\n\t\t\t<select id=\"mphb_adults-mphb-search-form-5f205324ac883\" name=\"mphb_adults\" ><option value=\"1\"  selected='selected'>1<\/option><option value=\"2\" >2<\/option><option value=\"3\" >3<\/option><option value=\"4\" >4<\/option><option value=\"5\" >5<\/option><option value=\"6\" >6<\/option><option value=\"7\" >7<\/option><option value=\"8\" >8<\/option><\/select>\n\t\t<\/p>\n<p>\n\t\t\t<label for=\"mphb_children-mphb-search-form-5f205324ac883\"><br \/>\n\t\t\t\tChildren &lt; 16\t\t\t<\/label><br \/>\n\t\t\t<br \/>\n\t\t\t<select id=\"mphb_children-mphb-search-form-5f205324ac883\" name=\"mphb_children\"><option value=\"0\"  selected='selected'>0<\/option><option value=\"1\" >1<\/option><option value=\"2\" >2<\/option><option value=\"3\" >3<\/option><option value=\"4\" >4<\/option><\/select>\n\t\t<\/p>\n<p>\t<input id=\"mphb_check_in_date-mphb-search-form-5f205324ac883-hidden\" value=\"\" type=\"hidden\" name=\"mphb_check_in_date\" \/><input id=\"mphb_check_out_date-mphb-search-form-5f205324ac883-hidden\" value=\"\" type=\"hidden\" name=\"mphb_check_out_date\" \/><\/p>\n<p>\n\t\t<input type=\"submit\" value=\"Search\"\/>\n\t<\/p>\n<\/form>\n<p>\t\t\t<iframe frameborder=\"0\" scrolling=\"no\" marginheight=\"0\" marginwidth=\"0\" src=\"https:\/\/maps.google.com\/maps?q=Carrer%20de%20la%20Torre%2C%2028%2017130%20L%27Escala&amp;t=m&amp;z=10&amp;output=embed&amp;iwloc=near\" aria-label=\"Carrer de la Torre, 28 17130 L&#039;Escala\"><\/iframe><\/p>\n","protected":false},"excerpt":{"rendered":"<p>APARTAMENTS PORTBELL CASES I APARTAMENTS DE LLOGUER VACACIONAL AL CENTRE DE L&#8217;ESCALA Els nostres apartaments i cases gaudeixen d&#8217;una situaci\u00f3 privilegiada al centre de L&#8217;Escala. Est\u00e1n dissenyats per a que vost\u00e8 pugui gaudir al m\u00e0xim de les seves vacances. Tots estan totalment equipats i amb les m\u00e0ximes comoditats. Casa de Pescadors Details Adults: 6 Amenities: &hellip; <a href=\"https:\/\/www.apartamentsportbell.com\/index.php\/ca\/lloguer-apartaments-i-cases-de-vacances-a-lescala\/\" class=\"more-link\">Continue reading<span class=\"screen-reader-text\"> &#8220;Apartaments i Cases&#8221;<\/span><\/a><\/p>\n","protected":false},"author":1,"featured_media":0,"parent":0,"menu_order":0,"comment_status":"closed","ping_status":"closed","template":"template-full-width-page.php","meta":{"footnotes":""},"class_list":["post-76","page","type-page","status-publish","hentry"],"jetpack_sharing_enabled":true,"_links":{"self":[{"href":"https:\/\/www.apartamentsportbell.com\/index.php\/wp-json\/wp\/v2\/pages\/76","targetHints":{"allow":["GET"]}}],"collection":[{"href":"https:\/\/www.apartamentsportbell.com\/index.php\/wp-json\/wp\/v2\/pages"}],"about":[{"href":"https:\/\/www.apartamentsportbell.com\/index.php\/wp-json\/wp\/v2\/types\/page"}],"author":[{"embeddable":true,"href":"https:\/\/www.apartamentsportbell.com\/index.php\/wp-json\/wp\/v2\/users\/1"}],"replies":[{"embeddable":true,"href":"https:\/\/www.apartamentsportbell.com\/index.php\/wp-json\/wp\/v2\/comments?post=76"}],"version-history":[{"count":25,"href":"https:\/\/www.apartamentsportbell.com\/index.php\/wp-json\/wp\/v2\/pages\/76\/revisions"}],"predecessor-version":[{"id":3128,"href":"https:\/\/www.apartamentsportbell.com\/index.php\/wp-json\/wp\/v2\/pages\/76\/revisions\/3128"}],"wp:attachment":[{"href":"https:\/\/www.apartamentsportbell.com\/index.php\/wp-json\/wp\/v2\/media?parent=76"}],"curies":[{"name":"wp","href":"https:\/\/api.w.org\/{rel}","templated":true}]}}